{"id":51,"date":"2021-12-15T20:36:52","date_gmt":"2021-12-15T23:36:52","guid":{"rendered":"https:\/\/www.caminaressalud.com\/w\/?page_id=51"},"modified":"2022-12-21T16:19:41","modified_gmt":"2022-12-21T19:19:41","slug":"colaborar","status":"publish","type":"page","link":"https:\/\/www.caminaressalud.com\/w\/colaborar\/","title":{"rendered":"Colaborar"},"content":{"rendered":"\n<div class=\"wp-block-getwid-images-slider has-arrows-inside has-dots-inside has-images-center has-cropped-images has-fixed-height alignfull\"><div class=\"wp-block-getwid-images-slider__wrapper\" data-effect=\"slide\" data-slides-show=\"1\" data-slides-show-laptop=\"1\" data-slides-show-tablet=\"1\" data-slides-show-mobile=\"1\" data-slides-scroll=\"1\" data-autoplay=\"false\" data-autoplay-speed=\"6000\" data-infinite=\"true\" data-animation-speed=\"800\" data-center-mode=\"false\" data-variable-width=\"false\" data-arrows=\"inside\" data-dots=\"inside\" data-spacing=\"none\"><div class=\"wp-block-getwid-images-slider__item\" style=\"height:600px\"><figure><img decoding=\"async\" width=\"1920\" height=\"600\" src=\"https:\/\/www.caminaressalud.com\/w\/wp-content\/uploads\/2021\/12\/caminr-es-salud-slider-4.jpg\" data-id=\"52\" data-link=\"https:\/\/www.caminaressalud.com\/w\/?attachment_id=52\" data-original-link=\"https:\/\/www.caminaressalud.com\/w\/wp-content\/uploads\/2021\/12\/caminr-es-salud-slider-4.jpg\" class=\"wp-block-getwid-images-slider__image wp-image-52\" srcset=\"https:\/\/www.caminaressalud.com\/w\/wp-content\/uploads\/2021\/12\/caminr-es-salud-slider-4.jpg 1920w, https:\/\/www.caminaressalud.com\/w\/wp-content\/uploads\/2021\/12\/caminr-es-salud-slider-4-772x241.jpg 772w, https:\/\/www.caminaressalud.com\/w\/wp-content\/uploads\/2021\/12\/caminr-es-salud-slider-4-1024x320.jpg 1024w, https:\/\/www.caminaressalud.com\/w\/wp-content\/uploads\/2021\/12\/caminr-es-salud-slider-4-240x75.jpg 240w, https:\/\/www.caminaressalud.com\/w\/wp-content\/uploads\/2021\/12\/caminr-es-salud-slider-4-768x240.jpg 768w, https:\/\/www.caminaressalud.com\/w\/wp-content\/uploads\/2021\/12\/caminr-es-salud-slider-4-1536x480.jpg 1536w, https:\/\/www.caminaressalud.com\/w\/wp-content\/uploads\/2021\/12\/caminr-es-salud-slider-4-324x101.jpg 324w\" sizes=\"(max-width: 1920px) 100vw, 1920px\" \/><\/figure><\/div><\/div><\/div>\n\n\n\n<div class=\"bloque\">\n\t\n\t\t<div class=\"row align-items-center pt-5 pb-5\">\n<!--\n\t\t\t<div class=\"col-12 col-sm-12 col-md-6\">\n\t\t\t\t<h1 class=\"text-center mb-3 mb-sm-3 mb-md-0\">\n\t\t\t\t\t\u00bfC\u00f3mo puedes colaborar?\n\t\t\t\t<\/h1>\n\t\t\t<\/div>\n-->\n\t\t\t<div class=\"col-12 col-sm-12\">\n\t\t\t\t<div class=\"txt pr-3 wow animated fadeInUp\" data-wow-duration=\"0.8s\" data-wow-delay=\"0.6s\">\n\t\t\t\t\tHe escrito un libro digital en el cual podr\u00e1n conocer como este sue\u00f1o se fue haciendo realidad y de qu\u00e9 modo el Covid-19 provoc\u00f3 que se decidiera hacer foco en promover en las personas mayores, una vida m\u00e1s activa y saludable.\n\t\t\t\t<\/div>\n\t\t\t<\/div>\n\t\t<\/div>\n\t\t<div class=\"row align-items-center py-3\" style=\"background-color: #000\">\n\t\t\t<div class=\"col-12 col-sm-12 col-md-6 imagen-libro\">\n\t\t\t\t<a href=\"https:\/\/www.caminaressalud.com\/w\/producto\/libro-renacer-a-los-62-anos\/\">\n\t\t\t\t\t<img decoding=\"async\" src=\"https:\/\/www.caminaressalud.com\/w\/wp-content\/uploads\/2021\/12\/Roberto-Benitez-Libro-renacer-a-los-62-1.jpg\">\n\t\t\t\t<\/a>\n\t\t\t<\/div>\n\t\t\t<div class=\"col-12 col-sm-12 col-md-6 py-3\">\n<div style=\"display:inline-block; width:auto; padding:4px 8px; background-color: #dc3545; color:#FFF; margin-bottom:16px\">\nEstamos redise\u00f1ado el libro\n<\/div>\n\t\t\t\t<h3 class=\"mb-3 text-white\">\n\t\t\t\t\tLIBRO Renacer a los 62 A\u00f1os\n\t\t\t\t<\/h3>\n\t\t\t\t<div class=\"txt pr-3 mb-3 wow animated fadeInUp text-white\" data-wow-duration=\"0.8s\" data-wow-delay=\"0.6s\">\n\t\t\t\t\tEn \u00e9l podr\u00e1n conocer los 3 a\u00f1os previos a la creaci\u00f3n y desarrollo de este emprendimiento social y la misi\u00f3n que me acompa\u00f1ara por el resto de mi vida.\n\t\t\t\t<\/div>\n\t\t\t\t<a class=\"single_add_to_cart_button button alt\" href=\"https:\/\/www.caminaressalud.com\/w\/carrito\/?add-to-cart=73\">Comprar Libro<\/a>\n\t\t\t<\/div>\n\t\t<\/div>\n\t\n<\/div>\n","protected":false},"excerpt":{"rendered":"<p>He escrito un libro digital en el cual podr\u00e1n conocer como este sue\u00f1o se fue haciendo realidad y de qu\u00e9 modo el Covid-19 provoc\u00f3 que se decidiera hacer foco en promover en las personas mayores, una vida m\u00e1s activa y saludable. Estamos redise\u00f1ado el libro LIBRO Renacer a los 62 A\u00f1os En \u00e9l podr\u00e1n conocer [&hellip;]<\/p>\n","protected":false},"author":1,"featured_media":0,"parent":0,"menu_order":0,"comment_status":"closed","ping_status":"closed","template":"","meta":{"_acf_changed":false,"footnotes":""},"class_list":["post-51","page","type-page","status-publish","hentry"],"acf":[],"_links":{"self":[{"href":"https:\/\/www.caminaressalud.com\/w\/wp-json\/wp\/v2\/pages\/51","targetHints":{"allow":["GET"]}}],"collection":[{"href":"https:\/\/www.caminaressalud.com\/w\/wp-json\/wp\/v2\/pages"}],"about":[{"href":"https:\/\/www.caminaressalud.com\/w\/wp-json\/wp\/v2\/types\/page"}],"author":[{"embeddable":true,"href":"https:\/\/www.caminaressalud.com\/w\/wp-json\/wp\/v2\/users\/1"}],"replies":[{"embeddable":true,"href":"https:\/\/www.caminaressalud.com\/w\/wp-json\/wp\/v2\/comments?post=51"}],"version-history":[{"count":8,"href":"https:\/\/www.caminaressalud.com\/w\/wp-json\/wp\/v2\/pages\/51\/revisions"}],"predecessor-version":[{"id":94,"href":"https:\/\/www.caminaressalud.com\/w\/wp-json\/wp\/v2\/pages\/51\/revisions\/94"}],"wp:attachment":[{"href":"https:\/\/www.caminaressalud.com\/w\/wp-json\/wp\/v2\/media?parent=51"}],"curies":[{"name":"wp","href":"https:\/\/api.w.org\/{rel}","templated":true}]}}